{"id":730,"date":"2025-03-11T06:08:28","date_gmt":"2025-03-11T07:08:28","guid":{"rendered":"https:\/\/akilovasi.com\/?page_id=730"},"modified":"2025-04-13T09:19:26","modified_gmt":"2025-04-13T09:19:26","slug":"akilovasiye-hos-geldiniz","status":"publish","type":"page","link":"https:\/\/akilovasi.com\/tr\/akilovasiye-hos-geldiniz\/","title":{"rendered":"Neden poli al\u00fcminyum klor\u00fcr?"},"content":{"rendered":"\t\t<div data-elementor-type=\"wp-page\" data-elementor-id=\"730\" class=\"elementor elementor-730\">\n\t\t\t\t\t\t<section class=\"elementor-section elementor-top-section elementor-element elementor-element-1e66ba8 elementor-section-boxed elementor-section-height-default elementor-section-height-default\" data-id=\"1e66ba8\" data-element_type=\"section\">\n\t\t\t\t\t\t<div class=\"elementor-container elementor-column-gap-default\">\n\t\t\t\t\t<div class=\"elementor-column elementor-col-100 elementor-top-column elementor-element elementor-element-2c8e12a\" data-id=\"2c8e12a\" data-element_type=\"column\">\n\t\t\t<div class=\"elementor-widget-wrap\">\n\t\t\t\t\t\t\t<\/div>\n\t\t<\/div>\n\t\t\t\t\t<\/div>\n\t\t<\/section>\n\t\t\t\t<section class=\"elementor-section elementor-top-section elementor-element elementor-element-9373406 elementor-section-boxed elementor-section-height-default elementor-section-height-default\" data-id=\"9373406\" data-element_type=\"section\">\n\t\t\t\t\t\t<div class=\"elementor-container elementor-column-gap-default\">\n\t\t\t\t\t<div class=\"elementor-column elementor-col-100 elementor-top-column elementor-element elementor-element-44f27be\" data-id=\"44f27be\" data-element_type=\"column\">\n\t\t\t<div class=\"elementor-widget-wrap elementor-element-populated\">\n\t\t\t\t\t\t<div class=\"elementor-element elementor-element-ea57811 elementor-widget elementor-widget-text-editor\" data-id=\"ea57811\" data-element_type=\"widget\" data-widget_type=\"text-editor.default\">\n\t\t\t\t<div class=\"elementor-widget-container\">\n\t\t\t\t\t\t\t\t\t<p dir=\"ltr\" style=\"text-align: left;\"><strong>Akilovasi&#8217;de<\/strong>, d\u00fcnya genelindeki \u00e7e\u015fitli sekt\u00f6rlerin ihtiya\u00e7lar\u0131n\u0131 kar\u015f\u0131lamak \u00fczere y\u00fcksek kaliteli petrokimya \u00fcr\u00fcnleri sunma konusunda uzman\u0131z. T\u00fcrkiye merkezli bir firma olarak, yerel uzmanl\u0131\u011f\u0131 uluslararas\u0131 standartlarla birle\u015ftirerek g\u00fcvenilir, verimli ve yenilik\u00e7i \u00e7\u00f6z\u00fcmler sa\u011fl\u0131yoruz.<br \/>M\u00fckemmelli\u011fe, s\u00fcrd\u00fcr\u00fclebilirli\u011fe ve m\u00fc\u015fteri memnuniyetine olan g\u00fc\u00e7l\u00fc ba\u011fl\u0131l\u0131\u011f\u0131m\u0131zla, Akilovasi petrokimya sekt\u00f6r\u00fcnde g\u00fcvenilen bir isim olmaktan gurur duymaktad\u0131r.<\/p>\t\t\t\t\t\t\t\t<\/div>\n\t\t\t\t<\/div>\n\t\t\t\t<div class=\"elementor-element elementor-element-60c7abe elementor-widget elementor-widget-spacer\" data-id=\"60c7abe\" data-element_type=\"widget\" data-widget_type=\"spacer.default\">\n\t\t\t\t<div class=\"elementor-widget-container\">\n\t\t\t\t\t\t\t<div class=\"elementor-spacer\">\n\t\t\t<div class=\"elementor-spacer-inner\"><\/div>\n\t\t<\/div>\n\t\t\t\t\t\t<\/div>\n\t\t\t\t<\/div>\n\t\t\t\t\t<\/div>\n\t\t<\/div>\n\t\t\t\t\t<\/div>\n\t\t<\/section>\n\t\t\t\t<\/div>\n\t\t","protected":false},"excerpt":{"rendered":"<p>Akilovasi&#8217;de, d\u00fcnya genelindeki \u00e7e\u015fitli sekt\u00f6rlerin ihtiya\u00e7lar\u0131n\u0131 kar\u015f\u0131lamak \u00fczere y\u00fcksek kaliteli petrokimya \u00fcr\u00fcnleri sunma konusunda uzman\u0131z. T\u00fcrkiye merkezli bir firma olarak, yerel uzmanl\u0131\u011f\u0131 uluslararas\u0131 standartlarla birle\u015ftirerek g\u00fcvenilir,<span class=\"excerpt-hellip\"> [\u2026]<\/span><\/p>\n","protected":false},"author":1,"featured_media":0,"parent":0,"menu_order":0,"comment_status":"closed","ping_status":"closed","template":"","meta":{"footnotes":""},"class_list":["post-730","page","type-page","status-publish","hentry"],"_links":{"self":[{"href":"https:\/\/akilovasi.com\/tr\/wp-json\/wp\/v2\/pages\/730"}],"collection":[{"href":"https:\/\/akilovasi.com\/tr\/wp-json\/wp\/v2\/pages"}],"about":[{"href":"https:\/\/akilovasi.com\/tr\/wp-json\/wp\/v2\/types\/page"}],"author":[{"embeddable":true,"href":"https:\/\/akilovasi.com\/tr\/wp-json\/wp\/v2\/users\/1"}],"replies":[{"embeddable":true,"href":"https:\/\/akilovasi.com\/tr\/wp-json\/wp\/v2\/comments?post=730"}],"version-history":[{"count":20,"href":"https:\/\/akilovasi.com\/tr\/wp-json\/wp\/v2\/pages\/730\/revisions"}],"predecessor-version":[{"id":967,"href":"https:\/\/akilovasi.com\/tr\/wp-json\/wp\/v2\/pages\/730\/revisions\/967"}],"wp:attachment":[{"href":"https:\/\/akilovasi.com\/tr\/wp-json\/wp\/v2\/media?parent=730"}],"curies":[{"name":"wp","href":"https:\/\/api.w.org\/{rel}","templated":true}]}}