{"id":756,"date":"2025-03-11T06:23:47","date_gmt":"2025-03-11T07:23:47","guid":{"rendered":"https:\/\/akilovasi.com\/?page_id=756"},"modified":"2025-04-13T09:24:22","modified_gmt":"2025-04-13T09:24:22","slug":"pac-suyu-aritmak-icin-nasil-calisir","status":"publish","type":"page","link":"https:\/\/akilovasi.com\/tr\/pac-suyu-aritmak-icin-nasil-calisir\/","title":{"rendered":"PAC suyu ar\u0131tmak i\u00e7in nas\u0131l \u00e7al\u0131\u015f\u0131r?"},"content":{"rendered":"\t\t<div data-elementor-type=\"wp-page\" data-elementor-id=\"756\" class=\"elementor elementor-756\">\n\t\t\t\t\t\t<section class=\"elementor-section elementor-top-section elementor-element elementor-element-729b7cb elementor-section-boxed elementor-section-height-default elementor-section-height-default\" data-id=\"729b7cb\" data-element_type=\"section\">\n\t\t\t\t\t\t<div class=\"elementor-container elementor-column-gap-default\">\n\t\t\t\t\t<div class=\"elementor-column elementor-col-100 elementor-top-column elementor-element elementor-element-eea4608\" data-id=\"eea4608\" data-element_type=\"column\">\n\t\t\t<div class=\"elementor-widget-wrap elementor-element-populated\">\n\t\t\t\t\t\t<div class=\"elementor-element elementor-element-b0d686e elementor-widget elementor-widget-text-editor\" data-id=\"b0d686e\" data-element_type=\"widget\" data-widget_type=\"text-editor.default\">\n\t\t\t\t<div class=\"elementor-widget-container\">\n\t\t\t\t\t\t\t\t\t<h1 dir=\"ltr\"><span style=\"color: #ffffff; font-size: 18pt;\">Poli Al\u00fcminyum Klor\u00fcr (PAC) suyu ar\u0131tmak i\u00e7in nas\u0131l \u00e7al\u0131\u015f\u0131r?<\/span><\/h1>\t\t\t\t\t\t\t\t<\/div>\n\t\t\t\t<\/div>\n\t\t\t\t<div class=\"elementor-element elementor-element-79feddc elementor-widget elementor-widget-text-editor\" data-id=\"79feddc\" data-element_type=\"widget\" data-widget_type=\"text-editor.default\">\n\t\t\t\t<div class=\"elementor-widget-container\">\n\t\t\t\t\t\t\t\t\t<p dir=\"ltr\"><span style=\"font-size: 12pt;\">Poli Al\u00fcminyum Klor\u00fcr, su ar\u0131t\u0131m\u0131 i\u00e7in y\u00fcksek verimli bir kimyasald\u0131r ve koag\u00fclan olarak \u00e7al\u0131\u015farak kirleticileri, koloidal ve ask\u0131da maddeleri \u00e7\u0131kar\u0131p birbirine yap\u0131\u015ft\u0131r\u0131r. Bu, filtreler arac\u0131l\u0131\u011f\u0131yla giderilmek \u00fczere p\u0131ht\u0131 olu\u015fumuna yol a\u00e7ar. A\u015fa\u011f\u0131daki g\u00f6rsel, koag\u00fclasyonun nas\u0131l \u00e7al\u0131\u015ft\u0131\u011f\u0131n\u0131 g\u00f6stererek bu s\u00fcreci a\u00e7\u0131klar.<\/span><\/p><p dir=\"ltr\"><img fetchpriority=\"high\" decoding=\"async\" class=\"alignnone size-medium wp-image-758 aligncenter\" src=\"https:\/\/akilovasi.com\/wp-content\/uploads\/2025\/03\/water-purification-500x281.jpg\" alt=\"water purification\" width=\"500\" height=\"281\" srcset=\"https:\/\/akilovasi.com\/tr\/wp-content\/uploads\/2025\/03\/water-purification-500x281.jpg 500w, https:\/\/akilovasi.com\/tr\/wp-content\/uploads\/2025\/03\/water-purification-300x169.jpg 300w, https:\/\/akilovasi.com\/tr\/wp-content\/uploads\/2025\/03\/water-purification-133x75.jpg 133w, https:\/\/akilovasi.com\/tr\/wp-content\/uploads\/2025\/03\/water-purification-480x270.jpg 480w, https:\/\/akilovasi.com\/tr\/wp-content\/uploads\/2025\/03\/water-purification.jpg 624w\" sizes=\"(max-width:767px) 480px, 500px\" \/><\/p><p dir=\"ltr\"><span style=\"font-size: 16.0pt;\">S<span style=\"font-size: 12pt;\">u ar\u0131t\u0131m\u0131nda kullan\u0131lan Poli Al\u00fcminyum Klor\u00fcr \u00fcr\u00fcnleri genellikle bazifikasyon seviyeleriyle (y\u00fczde) tan\u0131mlan\u0131r. Bazifikasyon, hidroksil gruplar\u0131n\u0131n al\u00fcminyum iyonlar\u0131na g\u00f6re konsantrasyonudur. Baziklik ne kadar y\u00fcksekse, al\u00fcminyum i\u00e7eri\u011fi o kadar d\u00fc\u015f\u00fck olur ve bu da kirletici giderme a\u00e7\u0131s\u0131ndan daha y\u00fcksek performans sa\u011flar. Al\u00fcminyum oran\u0131n\u0131n d\u00fc\u015f\u00fck olmas\u0131 ayr\u0131ca al\u00fcminyum kal\u0131nt\u0131lar\u0131n\u0131n b\u00fcy\u00fck \u00f6l\u00e7\u00fcde azalt\u0131lmas\u0131n\u0131 sa\u011flayarak s\u00fcreci faydal\u0131 k\u0131lar.<\/span><\/span><\/p><p dir=\"ltr\">\u00a0<\/p>\t\t\t\t\t\t\t\t<\/div>\n\t\t\t\t<\/div>\n\t\t\t\t\t<\/div>\n\t\t<\/div>\n\t\t\t\t\t<\/div>\n\t\t<\/section>\n\t\t\t\t<\/div>\n\t\t","protected":false},"excerpt":{"rendered":"<p>Poli Al\u00fcminyum Klor\u00fcr (PAC) suyu ar\u0131tmak i\u00e7in nas\u0131l \u00e7al\u0131\u015f\u0131r? Poli Al\u00fcminyum Klor\u00fcr, su ar\u0131t\u0131m\u0131 i\u00e7in y\u00fcksek verimli bir kimyasald\u0131r ve koag\u00fclan olarak \u00e7al\u0131\u015farak kirleticileri, koloidal ve<span class=\"excerpt-hellip\"> [\u2026]<\/span><\/p>\n","protected":false},"author":1,"featured_media":0,"parent":0,"menu_order":0,"comment_status":"closed","ping_status":"closed","template":"","meta":{"footnotes":""},"class_list":["post-756","page","type-page","status-publish","hentry"],"_links":{"self":[{"href":"https:\/\/akilovasi.com\/tr\/wp-json\/wp\/v2\/pages\/756"}],"collection":[{"href":"https:\/\/akilovasi.com\/tr\/wp-json\/wp\/v2\/pages"}],"about":[{"href":"https:\/\/akilovasi.com\/tr\/wp-json\/wp\/v2\/types\/page"}],"author":[{"embeddable":true,"href":"https:\/\/akilovasi.com\/tr\/wp-json\/wp\/v2\/users\/1"}],"replies":[{"embeddable":true,"href":"https:\/\/akilovasi.com\/tr\/wp-json\/wp\/v2\/comments?post=756"}],"version-history":[{"count":14,"href":"https:\/\/akilovasi.com\/tr\/wp-json\/wp\/v2\/pages\/756\/revisions"}],"predecessor-version":[{"id":977,"href":"https:\/\/akilovasi.com\/tr\/wp-json\/wp\/v2\/pages\/756\/revisions\/977"}],"wp:attachment":[{"href":"https:\/\/akilovasi.com\/tr\/wp-json\/wp\/v2\/media?parent=756"}],"curies":[{"name":"wp","href":"https:\/\/api.w.org\/{rel}","templated":true}]}}