{"id":765,"date":"2025-03-11T06:27:14","date_gmt":"2025-03-11T07:27:14","guid":{"rendered":"https:\/\/akilovasi.com\/?page_id=765"},"modified":"2025-04-13T09:26:28","modified_gmt":"2025-04-13T09:26:28","slug":"kristal-melamin","status":"publish","type":"page","link":"https:\/\/akilovasi.com\/tr\/kristal-melamin\/","title":{"rendered":"Kristal Melamin"},"content":{"rendered":"\t\t<div data-elementor-type=\"wp-page\" data-elementor-id=\"765\" class=\"elementor elementor-765\">\n\t\t\t\t\t\t<section class=\"elementor-section elementor-top-section elementor-element elementor-element-2b362cb elementor-section-boxed elementor-section-height-default elementor-section-height-default\" data-id=\"2b362cb\" data-element_type=\"section\">\n\t\t\t\t\t\t<div class=\"elementor-container elementor-column-gap-default\">\n\t\t\t\t\t<div class=\"elementor-column elementor-col-100 elementor-top-column elementor-element elementor-element-204786f\" data-id=\"204786f\" data-element_type=\"column\">\n\t\t\t<div class=\"elementor-widget-wrap elementor-element-populated\">\n\t\t\t\t\t\t<div class=\"elementor-element elementor-element-beaf998 elementor-widget elementor-widget-text-editor\" data-id=\"beaf998\" data-element_type=\"widget\" data-widget_type=\"text-editor.default\">\n\t\t\t\t<div class=\"elementor-widget-container\">\n\t\t\t\t\t\t\t\t\t<h2 dir=\"ltr\" data-start=\"70\" data-end=\"89\"><span style=\"color: #ffffff;\"><strong data-start=\"70\" data-end=\"89\">Kristal Melamin<\/strong><\/span><\/h2><p class=\"\" data-start=\"91\" data-end=\"290\">\u00a0<\/p>\t\t\t\t\t\t\t\t<\/div>\n\t\t\t\t<\/div>\n\t\t\t\t<div class=\"elementor-element elementor-element-e8b51c1 elementor-widget elementor-widget-text-editor\" data-id=\"e8b51c1\" data-element_type=\"widget\" data-widget_type=\"text-editor.default\">\n\t\t\t\t<div class=\"elementor-widget-container\">\n\t\t\t\t\t\t\t\t\t<h2 dir=\"ltr\"><span style=\"color: #8bffc1;\">Kristal<strong> Melamin<\/strong><\/span><\/h2><p dir=\"ltr\">Melaminin kimyasal form\u00fcl\u00fc C3H6N6\u2019d\u0131r. Melamin, \u00e7o\u011funlukla <strong>nitrojen<\/strong> a\u00e7\u0131s\u0131ndan zengin beyaz kristaller \u015feklinde bulunan organik bir baz kimyasald\u0131r. Melamin, formoldehit ile birle\u015ferek \u00e7ok dayan\u0131kl\u0131 bir termoset plastik olan melamin re\u00e7inesi \u00fcretir. Bu re\u00e7ine Formica, melamin yemek tak\u0131mlar\u0131, lamine zeminler ve kuru silme tahtalar\u0131 gibi \u00fcr\u00fcnlerde kullan\u0131l\u0131r. Melamin k\u00f6p\u00fc\u011f\u00fc, yal\u0131t\u0131m, ses yal\u0131t\u0131m\u0131 malzemesi ve Magic Eraser gibi polimerik temizlik \u00fcr\u00fcnlerinde kullan\u0131l\u0131r.<\/p><h3 dir=\"ltr\"><span style=\"color: #8bffc1;\">Melamin Uygulamalar\u0131:<\/span><\/h3><p dir=\"ltr\">Melamin, ah\u015fap bazl\u0131 paneller, laminatlar, kaplamalar, kal\u0131plama tozlar\u0131 ve yangina dayaniklik gibi y\u00fcksek performansl\u0131 \u00fcr\u00fcnlerde kullan\u0131m i\u00e7in idealdir. Melamin, ah\u015fap i\u015fleme end\u00fcstrisinde yap\u0131\u015ft\u0131r\u0131c\u0131 re\u00e7inelerinin emprenye edilmesinde kullan\u0131l\u0131r. Melamin ayr\u0131ca geni\u015f bir yangin dayanikli malzeme yelpazesinde rol oynar; bunlar aras\u0131nda; d\u00f6\u015feme kuma\u015flar\u0131, \u015fi\u015fen boyalar, itfaiyeciler ve sanayi i\u015f\u00e7ileri taraf\u0131ndan giyilen \u00fcniformalarda kullan\u0131lan kuma\u015flar ve konut, ticaret ve end\u00fcstriyel yang\u0131n engelleyici malzemeler bulunmaktad\u0131r. Melamin, ah\u015fap end\u00fcstrisinde: Ah\u015fap y\u00fczeylerinde \u015feffaf, g\u00fczel ve \u0131s\u0131ya dayan\u0131kl\u0131 olmak i\u00e7in Melamin, boya end\u00fcstrisinde: Boya \u00fcretimi i\u00e7in (otomobil, bisiklet ve \u2026 boyama) Melamin, ka\u011f\u0131t end\u00fcstrisinde: \u015eeffaf, su ge\u00e7irmez ve k\u0131r\u0131\u015fmaz ka\u011f\u0131t \u00fcretimi i\u00e7in Melamin, tekstil end\u00fcstrisinde: Su ge\u00e7irmez, k\u0131r\u0131\u015fmaz ve artan durulama ve iltihap \u00f6nleyici \u00f6zellikler ile kuma\u015f \u00fcretimi Deri i\u015fleme end\u00fcstrisi: \u015eeffaf, su ge\u00e7irmez ve dayan\u0131kl\u0131 deri sa\u011flar<\/p><h3 dir=\"ltr\"><span style=\"color: #8bffc1;\">Melamin Depolama:<\/span><\/h3><p dir=\"ltr\">Kab\u0131 s\u0131k\u0131ca kapal\u0131 tutun. Kab\u0131 serin ve iyi havaland\u0131r\u0131lm\u0131\u015f bir alanda saklay\u0131n. Melamin, normal depo ko\u015fullar\u0131nda sakland\u0131\u011f\u0131nda stabil bir kimyasald\u0131r. Toz birikimini kontrol alt\u0131na almak i\u00e7in iyi bir temizlik sa\u011flanmal\u0131d\u0131r. \u0130yi hijyen uygulamalar\u0131 izlenmelidir. Kullan\u0131mdan sonra ve yemeden, i\u00e7meden veya sigara i\u00e7meden \u00f6nce y\u00fcz\u00fcn\u00fcz\u00fc ve ellerinizi sabun ve su ile y\u0131kay\u0131n. G\u00f6zle temas\u0131 durumunda, 15 dakika boyunca bol su ile y\u0131kay\u0131n. Melamin, azot zincirindeki en de\u011ferli ve sofistike \u00fcr\u00fcnd\u00fcr. Normalde re\u00e7ine olarak i\u015flenir.<\/p><p dir=\"ltr\">\u00a0<\/p>\t\t\t\t\t\t\t\t<\/div>\n\t\t\t\t<\/div>\n\t\t\t\t<div class=\"elementor-element elementor-element-c24c312 elementor-widget elementor-widget-spacer\" data-id=\"c24c312\" data-element_type=\"widget\" data-widget_type=\"spacer.default\">\n\t\t\t\t<div class=\"elementor-widget-container\">\n\t\t\t\t\t\t\t<div class=\"elementor-spacer\">\n\t\t\t<div class=\"elementor-spacer-inner\"><\/div>\n\t\t<\/div>\n\t\t\t\t\t\t<\/div>\n\t\t\t\t<\/div>\n\t\t\t\t\t<\/div>\n\t\t<\/div>\n\t\t\t\t\t<\/div>\n\t\t<\/section>\n\t\t\t\t<\/div>\n\t\t","protected":false},"excerpt":{"rendered":"<p>Kristal Melamin \u00a0 Kristal Melamin Melaminin kimyasal form\u00fcl\u00fc C3H6N6\u2019d\u0131r. Melamin, \u00e7o\u011funlukla nitrojen a\u00e7\u0131s\u0131ndan zengin beyaz kristaller \u015feklinde bulunan organik bir baz kimyasald\u0131r. Melamin, formoldehit ile birle\u015ferek<span class=\"excerpt-hellip\"> [\u2026]<\/span><\/p>\n","protected":false},"author":1,"featured_media":0,"parent":0,"menu_order":0,"comment_status":"closed","ping_status":"closed","template":"","meta":{"footnotes":""},"class_list":["post-765","page","type-page","status-publish","hentry"],"_links":{"self":[{"href":"https:\/\/akilovasi.com\/tr\/wp-json\/wp\/v2\/pages\/765"}],"collection":[{"href":"https:\/\/akilovasi.com\/tr\/wp-json\/wp\/v2\/pages"}],"about":[{"href":"https:\/\/akilovasi.com\/tr\/wp-json\/wp\/v2\/types\/page"}],"author":[{"embeddable":true,"href":"https:\/\/akilovasi.com\/tr\/wp-json\/wp\/v2\/users\/1"}],"replies":[{"embeddable":true,"href":"https:\/\/akilovasi.com\/tr\/wp-json\/wp\/v2\/comments?post=765"}],"version-history":[{"count":21,"href":"https:\/\/akilovasi.com\/tr\/wp-json\/wp\/v2\/pages\/765\/revisions"}],"predecessor-version":[{"id":980,"href":"https:\/\/akilovasi.com\/tr\/wp-json\/wp\/v2\/pages\/765\/revisions\/980"}],"wp:attachment":[{"href":"https:\/\/akilovasi.com\/tr\/wp-json\/wp\/v2\/media?parent=765"}],"curies":[{"name":"wp","href":"https:\/\/api.w.org\/{rel}","templated":true}]}}