{"id":783,"date":"2025-03-11T06:51:27","date_gmt":"2025-03-11T07:51:27","guid":{"rendered":"https:\/\/akilovasi.com\/?page_id=783"},"modified":"2025-04-08T12:14:26","modified_gmt":"2025-04-08T12:14:26","slug":"hakkimizda","status":"publish","type":"page","link":"https:\/\/akilovasi.com\/tr\/hakkimizda\/","title":{"rendered":"Hakk\u0131m\u0131zda"},"content":{"rendered":"\t\t<div data-elementor-type=\"wp-page\" data-elementor-id=\"783\" class=\"elementor elementor-783\">\n\t\t\t\t\t\t<section class=\"elementor-section elementor-top-section elementor-element elementor-element-5565cae elementor-section-boxed elementor-section-height-default elementor-section-height-default\" data-id=\"5565cae\" data-element_type=\"section\">\n\t\t\t\t\t\t<div class=\"elementor-container elementor-column-gap-default\">\n\t\t\t\t\t<div class=\"elementor-column elementor-col-100 elementor-top-column elementor-element elementor-element-53b9190\" data-id=\"53b9190\" data-element_type=\"column\">\n\t\t\t<div class=\"elementor-widget-wrap elementor-element-populated\">\n\t\t\t\t\t\t<div class=\"elementor-element elementor-element-866a814 elementor-widget elementor-widget-text-editor\" data-id=\"866a814\" data-element_type=\"widget\" data-widget_type=\"text-editor.default\">\n\t\t\t\t<div class=\"elementor-widget-container\">\n\t\t\t\t\t\t\t\t\t<h1 dir=\"ltr\"><span style=\"font-size: 24pt; color: #3366ff;\">Hakk\u0131m\u0131zda:<\/span><\/h1>\t\t\t\t\t\t\t\t<\/div>\n\t\t\t\t<\/div>\n\t\t\t\t<div class=\"elementor-element elementor-element-9f336ed elementor-widget elementor-widget-text-editor\" data-id=\"9f336ed\" data-element_type=\"widget\" data-widget_type=\"text-editor.default\">\n\t\t\t\t<div class=\"elementor-widget-container\">\n\t\t\t\t\t\t\t\t\t<p dir=\"ltr\">Neden Akilovasi\u2019y\u0131 Se\u00e7melisiniz?<\/p><p dir=\"ltr\">Kalite ve Performansta G\u00fcvenilir Orta\u011f\u0131n\u0131z\/Akilovasi olarak sadece \u00fcr\u00fcn satm\u0131yoruz \u2014 \u00e7\u00f6z\u00fcmler sunuyoruz. Kaliteye, tutarl\u0131l\u0131\u011fa ve m\u00fc\u015fteri memnuniyetine olan ba\u011fl\u0131l\u0131\u011f\u0131m\u0131z, tar\u0131m ve end\u00fcstriyel kimyasallar arayan i\u015fletmelerin i\u00e7in, bizi g\u00fcvenilir bir marka haline getiriyor.<\/p><p dir=\"ltr\"><strong>Bizi Farkl\u0131 K\u0131lan \u00d6zellikler:<\/strong><\/p><p dir=\"ltr\">Y\u00fcksek Kaliteli \u00dcr\u00fcnler: S\u0131k\u0131 kalite kontrol s\u00fcre\u00e7leri ve uluslararas\u0131 standartlar<\/p><p dir=\"ltr\">Rekabet\u00e7i Fiyatlar: G\u00fcvenilir Tedarik Zinciri: Zaman\u0131nda teslimat ve g\u00fc\u00e7l\u00fc lojistik deste\u011fi<\/p><p dir=\"ltr\">Uzman Deste\u011fi: Teknik rehberlik ve m\u00fc\u015fteriye odakl\u0131 hizmet<\/p><p dir=\"ltr\">\u00c7evre koruma: Do\u011fa ve \u00c7evre dostu kaynak kullan\u0131m\u0131 ve sorumlu uygulamalar<\/p><p dir=\"ltr\">\u00a0<\/p>\t\t\t\t\t\t\t\t<\/div>\n\t\t\t\t<\/div>\n\t\t\t\t<div class=\"elementor-element elementor-element-bad0d74 elementor-widget elementor-widget-spacer\" data-id=\"bad0d74\" data-element_type=\"widget\" data-widget_type=\"spacer.default\">\n\t\t\t\t<div class=\"elementor-widget-container\">\n\t\t\t\t\t\t\t<div class=\"elementor-spacer\">\n\t\t\t<div class=\"elementor-spacer-inner\"><\/div>\n\t\t<\/div>\n\t\t\t\t\t\t<\/div>\n\t\t\t\t<\/div>\n\t\t\t\t\t<\/div>\n\t\t<\/div>\n\t\t\t\t\t<\/div>\n\t\t<\/section>\n\t\t\t\t<section class=\"elementor-section elementor-top-section elementor-element elementor-element-1337403 elementor-section-boxed elementor-section-height-default elementor-section-height-default\" data-id=\"1337403\" data-element_type=\"section\">\n\t\t\t\t\t\t<div class=\"elementor-container elementor-column-gap-default\">\n\t\t\t\t\t<div class=\"elementor-column elementor-col-100 elementor-top-column elementor-element elementor-element-b176002\" data-id=\"b176002\" data-element_type=\"column\" data-settings=\"{&quot;background_background&quot;:&quot;classic&quot;}\">\n\t\t\t<div class=\"elementor-widget-wrap elementor-element-populated\">\n\t\t\t\t\t\t<section class=\"elementor-section elementor-inner-section elementor-element elementor-element-84ca144 elementor-section-content-middle elementor-hidden-mobile elementor-section-boxed elementor-section-height-default elementor-section-height-default\" data-id=\"84ca144\" data-element_type=\"section\">\n\t\t\t\t\t\t<div class=\"elementor-container elementor-column-gap-default\">\n\t\t\t\t\t<div class=\"elementor-column elementor-col-25 elementor-inner-column elementor-element elementor-element-14a1164\" data-id=\"14a1164\" data-element_type=\"column\">\n\t\t\t<div class=\"elementor-widget-wrap elementor-element-populated\">\n\t\t\t\t\t\t<div class=\"elementor-element elementor-element-d8eefa9 elementor-widget elementor-widget-heading\" data-id=\"d8eefa9\" data-element_type=\"widget\" data-widget_type=\"heading.default\">\n\t\t\t\t<div class=\"elementor-widget-container\">\n\t\t\t\t\t<h4 class=\"elementor-heading-title elementor-size-default\">Bizimle ileti\u015fimde kal\u0131n<\/h4>\t\t\t\t<\/div>\n\t\t\t\t<\/div>\n\t\t\t\t\t<\/div>\n\t\t<\/div>\n\t\t\t\t<div class=\"elementor-column elementor-col-50 elementor-inner-column elementor-element elementor-element-66818d5\" data-id=\"66818d5\" data-element_type=\"column\">\n\t\t\t<div class=\"elementor-widget-wrap elementor-element-populated\">\n\t\t\t\t\t\t<div class=\"elementor-element elementor-element-d6f494d elementor-widget elementor-widget-image\" data-id=\"d6f494d\" data-element_type=\"widget\" data-widget_type=\"image.default\">\n\t\t\t\t<div class=\"elementor-widget-container\">\n\t\t\t\t\t\t\t\t\t\t\t\t\t\t\t<img decoding=\"async\" src=\"https:\/\/akilovasi.com\/tr\/wp-content\/uploads\/2022\/05\/carwash3-book-pic1.webp\" class=\"attachment-large size-large wp-image-142\" alt=\"\" \/>\t\t\t\t\t\t\t\t\t\t\t\t\t\t\t<\/div>\n\t\t\t\t<\/div>\n\t\t\t\t\t<\/div>\n\t\t<\/div>\n\t\t\t\t<div class=\"elementor-column elementor-col-25 elementor-inner-column elementor-element elementor-element-980c4a5\" data-id=\"980c4a5\" data-element_type=\"column\">\n\t\t\t<div class=\"elementor-widget-wrap elementor-element-populated\">\n\t\t\t\t\t\t<div class=\"elementor-element elementor-element-8110f19 elementor-align-right elementor-mobile-align-center elementor-widget elementor-widget-button\" data-id=\"8110f19\" data-element_type=\"widget\" data-widget_type=\"button.default\">\n\t\t\t\t<div class=\"elementor-widget-container\">\n\t\t\t\t\t\t\t\t\t<div class=\"elementor-button-wrapper\">\n\t\t\t\t\t<a class=\"elementor-button elementor-button-link elementor-size-sm\" href=\"https:\/\/akilovasi.com\/contact\/\">\n\t\t\t\t\t\t<span class=\"elementor-button-content-wrapper\">\n\t\t\t\t\t\t\t\t\t<span class=\"elementor-button-text\">Ba\u015flayal\u0131m \u015fimdi<\/span>\n\t\t\t\t\t<\/span>\n\t\t\t\t\t<\/a>\n\t\t\t\t<\/div>\n\t\t\t\t\t\t\t\t<\/div>\n\t\t\t\t<\/div>\n\t\t\t\t\t<\/div>\n\t\t<\/div>\n\t\t\t\t\t<\/div>\n\t\t<\/section>\n\t\t\t\t\t<\/div>\n\t\t<\/div>\n\t\t\t\t\t<\/div>\n\t\t<\/section>\n\t\t\t\t<\/div>\n\t\t","protected":false},"excerpt":{"rendered":"<p>Hakk\u0131m\u0131zda: Neden Akilovasi\u2019y\u0131 Se\u00e7melisiniz? Kalite ve Performansta G\u00fcvenilir Orta\u011f\u0131n\u0131z\/Akilovasi olarak sadece \u00fcr\u00fcn satm\u0131yoruz \u2014 \u00e7\u00f6z\u00fcmler sunuyoruz. Kaliteye, tutarl\u0131l\u0131\u011fa ve m\u00fc\u015fteri memnuniyetine olan ba\u011fl\u0131l\u0131\u011f\u0131m\u0131z, tar\u0131m ve end\u00fcstriyel<span class=\"excerpt-hellip\"> [\u2026]<\/span><\/p>\n","protected":false},"author":1,"featured_media":0,"parent":0,"menu_order":0,"comment_status":"closed","ping_status":"closed","template":"","meta":{"footnotes":""},"class_list":["post-783","page","type-page","status-publish","hentry"],"_links":{"self":[{"href":"https:\/\/akilovasi.com\/tr\/wp-json\/wp\/v2\/pages\/783"}],"collection":[{"href":"https:\/\/akilovasi.com\/tr\/wp-json\/wp\/v2\/pages"}],"about":[{"href":"https:\/\/akilovasi.com\/tr\/wp-json\/wp\/v2\/types\/page"}],"author":[{"embeddable":true,"href":"https:\/\/akilovasi.com\/tr\/wp-json\/wp\/v2\/users\/1"}],"replies":[{"embeddable":true,"href":"https:\/\/akilovasi.com\/tr\/wp-json\/wp\/v2\/comments?post=783"}],"version-history":[{"count":14,"href":"https:\/\/akilovasi.com\/tr\/wp-json\/wp\/v2\/pages\/783\/revisions"}],"predecessor-version":[{"id":945,"href":"https:\/\/akilovasi.com\/tr\/wp-json\/wp\/v2\/pages\/783\/revisions\/945"}],"wp:attachment":[{"href":"https:\/\/akilovasi.com\/tr\/wp-json\/wp\/v2\/media?parent=783"}],"curies":[{"name":"wp","href":"https:\/\/api.w.org\/{rel}","templated":true}]}}